{"id":31,"date":"2013-03-22T14:19:51","date_gmt":"2013-03-22T09:49:51","guid":{"rendered":"http:\/\/rayzanlink.com\/EUIR\/?page_id=31"},"modified":"2021-09-07T09:30:29","modified_gmt":"2021-09-07T05:00:29","slug":"contact-us","status":"publish","type":"page","link":"http:\/\/rayzanlink.com\/EUIR\/contact-us\/","title":{"rendered":"\u062a\u0645\u0627\u0633 \u0628\u0627 \u0645\u0627"},"content":{"rendered":"<div class=\"row \"><div class=\"wpv-grid grid-1-2  wpv-first-level first unextended\" style=\"padding-top:0px;padding-bottom:0px\" id=\"wpv-column-fb6679ac828b69b82249099d768937ae\" >\t\t<h2 class=\"text-divider-double\">\t\t\t\u0645\u0627\u062f\u0631\u06cc\u062f\t\t<\/h2>\t\t<div class=\"sep\"><\/div>\t<div class=\"row \"><div class=\"wpv-grid grid-1-1  first unextended animation-fade-in animated-active\" style=\"padding-top:0px;padding-bottom:0px\" id=\"wpv-column-5263bb92ffedc43e1f53da1c98ccc451\" ><div class=\"push\" style='margin-bottom:-30px'><\/div>\n<p style=\"text-align: center;\"><span class=\"vamtam-font-style-2 accent-4\">Calle de Ram\u00f3n y Cajal, 5, 28100 Alcobendas, Madrid, Espa\u00f1a<\/span><br \/>\n<div class=\"push\" style='height:30px'><\/div><\/div><\/div>\n<div class=\"row \"><div class=\"wpv-grid grid-1-2  first unextended animation-fade-in animated-active\" style=\"padding-top:0px;padding-bottom:0px\" id=\"wpv-column-c3796a019b93e9ac6bf938a9bd29d525\" ><p style=\"text-align: center;\"><span class='icon shortcode theme  use-hover' style='font-size:32px !important;color:#cab03c;'>&#57547;<\/span>\n<p style=\"text-align: center;\">Madrid, Espa\u00f1a<br \/>\n<a href=\"https:\/\/www.google.com\/maps\/place\/Euro-Iranian,+S.L.\/@40.5426369,-3.6527735,15z\/data=!4m2!3m1!1s0x0:0x35923711fe3c494c?sa=X&#038;ved=2ahUKEwiyguvx-cruAhVEkFwKHUflAf8Q_BIwC3oECBwQBQ\">\u2192 Map\u00a0<\/a><\/div>\n<div class=\"wpv-grid grid-1-2  unextended animation-fade-in animated-active\" style=\"padding-top:0px;padding-bottom:0px\" id=\"wpv-column-fa0342f20b3785beb3f91a538ac458a9\" ><p style=\"text-align: center;\"><span class='icon shortcode theme  use-hover' style='font-size:32px !important;color:#cab03c;'>&#57471;<\/span>\n<p style=\"text-align: center;\">Telephone: +34 918414204<br \/>\nMobile phone: +34 682691345<\/div><\/div>\n<div class=\"push\" style='margin-bottom:-40px'><\/div>\n<div class=\"row \"><div class=\"wpv-grid grid-1-1  first unextended\" style=\"padding-top:0px;padding-bottom:0px\" id=\"wpv-column-49fba7faa10c27a1c422606d90f69d9b\" ><p><iframe style=\"border: 0; margin: 0 auto;\" tabindex=\"0\" src=\"https:\/\/www.google.com\/maps\/embed?pb=!1m14!1m8!1m3!1d12127.810300389478!2d-3.6527735!3d40.5426369!3m2!1i1024!2i768!4f13.1!3m3!1m2!1s0x0%3A0x35923711fe3c494c!2sEuro-Iranian%2C%20S.L.!5e0!3m2!1sen!2s!4v1612687852530!5m2!1sen!2s\" width=\"400\" height=\"300\" frameborder=\"0\" allowfullscreen=\"allowfullscreen\" aria-hidden=\"false\"><\/iframe><\/div><\/div>\n<div class=\"sep-3\"><\/div>\n<div class=\"row \"><div class=\"wpv-grid grid-1-1  first unextended animation-zoom-in animated-active\" style=\"padding-top:0px;padding-bottom:0px\" id=\"wpv-column-dc6ee3e2b1ea91fce6efbc29d570c9d3\" ><div class=\"push\" style='margin-bottom:-10px'><\/div>\n<p style=\"text-align: center;\"><a href=\"#\"> <span class='icon shortcode   use-hover' style='font-size:16px !important;color:#D8D8D8;'>&#58155;<\/span><\/a> \u00a0\u00a0\u00a0<a href=\"#\"><span class='icon shortcode   use-hover' style='font-size:16px !important;color:#D8D8D8;'>&#58159;<\/span><\/a> \u00a0\u00a0\u00a0<a href=\"#\"><span class='icon shortcode   use-hover' style='font-size:16px !important;color:#D8D8D8;'>&#58165;<\/span><\/a> <div class=\"push\" style='height:20px'><\/div><\/div><\/div><\/div>\n<div class=\"wpv-grid grid-1-2  wpv-first-level unextended\" style=\"padding-top:0px;padding-bottom:0px\" id=\"wpv-column-744c60e10703f96bc2689adbc0ba7acd\" >\t\t<h2 class=\"text-divider-double\">\t\t\t\u062a\u0647\u0631\u0627\u0646\t\t<\/h2>\t\t<div class=\"sep\"><\/div>\t<div class=\"row \"><div class=\"wpv-grid grid-1-1  first unextended animation-fade-in animated-active\" style=\"padding-top:0px;padding-bottom:0px\" id=\"wpv-column-697cfc48117d613542c271bc85a4a237\" ><div class=\"push\" style='margin-bottom:-30px'><\/div>\n<p style=\"text-align: center;\"><span class=\"vamtam-font-style-2 accent-4\">\u0627\u06cc\u0631\u0627\u0646\u060c \u062a\u0647\u0631\u0627\u0646\u060c \u062e\u06cc\u0627\u0628\u0627\u0646 \u0648\u0644\u06cc\u0639\u0635\u0631\u060c \u0631\u0648\u0628\u0631\u0648\u06cc \u0636\u0644\u0639 \u0634\u0645\u0627\u0644 \u067e\u0627\u0631\u06a9 \u0633\u0627\u0639\u06cc\u060c \u067e\u0644\u0627\u06a9 237<\/span><br \/>\n<div class=\"push\" style='height:30px'><\/div><\/div><\/div>\n<div class=\"row \"><div class=\"wpv-grid grid-1-2  first unextended animation-fade-in animated-active\" style=\"padding-top:0px;padding-bottom:0px\" id=\"wpv-column-f987b693060375041882bc271a6e3a10\" ><p style=\"text-align: center;\"><span class='icon shortcode theme  use-hover' style='font-size:32px !important;color:#cab03c;'>&#57547;<\/span>\n<p style=\"text-align: center;\">\u0627\u06cc\u0631\u0627\u0646\u060c \u062a\u0647\u0631\u0627\u0646<br \/>\n<a href=\"https:\/\/www.google.com\/maps?ll=35.740084,51.409119&amp;z=16&amp;t=m&amp;hl=en&amp;gl=US&amp;mapclient=embed&amp;q=Valiasr+St+Tehran+Province+Tehran\">\u0646\u0642\u0634\u0647\u00a0\u2190<\/a><\/div>\n<div class=\"wpv-grid grid-1-2  unextended animation-fade-in animated-active\" style=\"padding-top:0px;padding-bottom:0px\" id=\"wpv-column-7ed3d541cab0ce7c02ac1372b7075384\" ><p style=\"text-align: center;\"><span class='icon shortcode theme  use-hover' style='font-size:32px !important;color:#cab03c;'>&#57471;<\/span>\n<p style=\"text-align: center;\">\u062a\u0644\u0641\u0646: 00982147769<br \/>\n\u0648\u0627\u062a\u0633\u0627\u067e: 989121405854<\/div><\/div>\n<div class=\"push\" style='margin-bottom:-40px'><\/div>\n<div class=\"row \"><div class=\"wpv-grid grid-1-1  first unextended\" style=\"padding-top:0px;padding-bottom:0px\" id=\"wpv-column-7056f418d6ac27adb3ac3f90e0bb3622\" ><p><iframe style=\"border: 0; margin: 0 auto;\" tabindex=\"0\" src=\"https:\/\/www.google.com\/maps\/embed?pb=!1m18!1m12!1m3!1d3238.482686980389!2d51.407016514606894!3d35.73893913441347!2m3!1f0!2f0!3f0!3m2!1i1024!2i768!4f13.1!3m3!1m2!1s0x3f8e06c9f7718b97%3A0x1c4a239549f96221!2sTehran%20Province%2C%20Tehran%2C%20Valiasr%20St%2C%20Iran!5e0!3m2!1sen!2s!4v1612602570389!5m2!1sen!2s\" width=\"400\" height=\"300\" frameborder=\"0\" allowfullscreen=\"allowfullscreen\" aria-hidden=\"false\"><\/iframe><\/div><\/div>\n<div class=\"sep-3\"><\/div>\n<div class=\"row \"><div class=\"wpv-grid grid-1-1  first unextended animation-zoom-in animated-active\" style=\"padding-top:0px;padding-bottom:0px\" id=\"wpv-column-6c9cd6e9533c7de39e458f0f4b47f294\" ><div class=\"push\" style='margin-bottom:-10px'><\/div>\n<p style=\"text-align: center;\"><a href=\"#\"> <span class='icon shortcode   use-hover' style='font-size:16px !important;color:#D8D8D8;'>&#58155;<\/span><\/a> \u00a0\u00a0\u00a0<a href=\"#\"><span class='icon shortcode   use-hover' style='font-size:16px !important;color:#D8D8D8;'>&#58159;<\/span><\/a> \u00a0\u00a0\u00a0<a href=\"#\"><span class='icon shortcode   use-hover' style='font-size:16px !important;color:#D8D8D8;'>&#58165;<\/span><\/a> <div class=\"push\" style='height:20px'><\/div><\/div><\/div><\/div><\/div>\n<div class=\"row \"><div class=\"wpv-grid grid-1-1  wpv-first-level first has-background extended\" style=\"background-color:#f5f5f5;padding-top:60px;padding-bottom:30px\" id=\"wpv-column-dc1d1a247cdc7540f1909dd3bd2d1c88\" ><div class=\"extended-column-inner\"><style>#wpv-column-dc1d1a247cdc7540f1909dd3bd2d1c88 p,#wpv-column-dc1d1a247cdc7540f1909dd3bd2d1c88 em,#wpv-column-dc1d1a247cdc7540f1909dd3bd2d1c88 .column-title,#wpv-column-dc1d1a247cdc7540f1909dd3bd2d1c88 .sep-text h2.regular-title-wrapper,#wpv-column-dc1d1a247cdc7540f1909dd3bd2d1c88 .text-divider-double,#wpv-column-dc1d1a247cdc7540f1909dd3bd2d1c88 .sep-text .sep-text-line,#wpv-column-dc1d1a247cdc7540f1909dd3bd2d1c88 .sep,#wpv-column-dc1d1a247cdc7540f1909dd3bd2d1c88 .sep-2,#wpv-column-dc1d1a247cdc7540f1909dd3bd2d1c88 .sep-3,#wpv-column-dc1d1a247cdc7540f1909dd3bd2d1c88 td,#wpv-column-dc1d1a247cdc7540f1909dd3bd2d1c88 th,#wpv-column-dc1d1a247cdc7540f1909dd3bd2d1c88 caption{color:#767676;}#wpv-column-dc1d1a247cdc7540f1909dd3bd2d1c88:before{background-color:transparent;}<\/style><div class=\"row \"><div class=\"wpv-grid grid-1-1  first unextended animation-from-bottom animated-active\" style=\"padding-top:0px;padding-bottom:0px\" id=\"wpv-column-ddf421664e82e865ef14117b121c5e87\" ><p>\n<div class=\"wpcf7 no-js\" id=\"wpcf7-f10-o1\" lang=\"en-US\" dir=\"ltr\" data-wpcf7-id=\"10\">\n<div class=\"screen-reader-response\"><p role=\"status\" aria-live=\"polite\" aria-atomic=\"true\"><\/p> <ul><\/ul><\/div>\n<form action=\"\/EUIR\/wp-json\/wp\/v2\/pages\/31#wpcf7-f10-o1\" method=\"post\" class=\"wpcf7-form init\" aria-label=\"Contact form\" novalidate=\"novalidate\" data-status=\"init\">\n<fieldset class=\"hidden-fields-container\"><input type=\"hidden\" name=\"_wpcf7\" value=\"10\" \/><input type=\"hidden\" name=\"_wpcf7_version\" value=\"6.1.5\" \/><input type=\"hidden\" name=\"_wpcf7_locale\" value=\"en_US\" \/><input type=\"hidden\" name=\"_wpcf7_unit_tag\" value=\"wpcf7-f10-o1\" \/><input type=\"hidden\" name=\"_wpcf7_container_post\" value=\"0\" \/><input type=\"hidden\" name=\"_wpcf7_posted_data_hash\" value=\"\" \/>\n<\/fieldset>\n<div class=\"row\">\n\t<div class=\"grid-1-3\">\n\t\t<p><span class=\"wpcf7-form-control-wrap\" data-name=\"Name\"><input size=\"40\" maxlength=\"400\" class=\"wpcf7-form-control wpcf7-text wpcf7-validates-as-required\" aria-required=\"true\" aria-invalid=\"false\" placeholder=\"\u0646\u0627\u0645\" value=\"\" type=\"text\" name=\"Name\" \/><\/span>\n\t\t<\/p>\n\t<\/div>\n\t<div class=\"grid-1-3\">\n\t\t<p><span class=\"wpcf7-form-control-wrap\" data-name=\"E-mail\"><input size=\"40\" maxlength=\"400\" class=\"wpcf7-form-control wpcf7-text wpcf7-validates-as-required\" aria-required=\"true\" aria-invalid=\"false\" placeholder=\"\u0627\u06cc\u0645\u06cc\u0644\" value=\"\" type=\"text\" name=\"E-mail\" \/><\/span>\n\t\t<\/p>\n\t<\/div>\n\t<div class=\"grid-1-3\">\n\t\t<p><span class=\"wpcf7-form-control-wrap\" data-name=\"Phone\"><input size=\"40\" maxlength=\"400\" class=\"wpcf7-form-control wpcf7-text wpcf7-validates-as-required\" aria-required=\"true\" aria-invalid=\"false\" placeholder=\"\u062a\u0644\u0641\u0646 \u062a\u0645\u0627\u0633\" value=\"\" type=\"text\" name=\"Phone\" \/><\/span>\n\t\t<\/p>\n\t<\/div>\n\t<div class=\"grid-1-1\">\n\t\t<p><span class=\"wpcf7-form-control-wrap dropdown\"><select name=\"dropdown\" class=\"wpcf7-form-control wpcf7-select wpcf7-validates-as-required wpv-chosen-select\" id=\"events-dropdown\" aria-required=\"true\" aria-invalid=\"false\"><option value=\"subject\" disabled=\"\" selected=\"\">\u0645\u0648\u0636\u0648\u0639<\/option><option value=\"\u0645\u0647\u0627\u062c\u0631\u062a\">\u0645\u0647\u0627\u062c\u0631\u062a<\/option><option value=\"\u062a\u062d\u0635\u06cc\u0644\u0627\u062a\">\u062a\u062d\u0635\u06cc\u0644\u0627\u062a<\/option><option value=\"\u0642\u0627\u0646\u0648\u0646 \u0645\u0627\u0644\u06cc\u0627\u062a\">\u0642\u0627\u0646\u0648\u0646 \u0645\u0627\u0644\u06cc\u0627\u062a<\/option><option value=\"\u0642\u0648\u0627\u0646\u06cc\u0646 \u062e\u0627\u0646\u0648\u0627\u062f\u06af\u06cc\">\u0642\u0648\u0627\u0646\u06cc\u0646 \u062e\u0627\u0646\u0648\u0627\u062f\u06af\u06cc<\/option><option value=\"\u0642\u0648\u0627\u0646\u06cc\u0646 \u0628\u0627\u0646\u06a9\u06cc\">\u0642\u0648\u0627\u0646\u06cc\u0646 \u0628\u0627\u0646\u06a9\u06cc<\/option><option value=\"\u0627\u0642\u0627\u0645\u062a \u062f\u0627\u0626\u0645\">\u0627\u0642\u0627\u0645\u062a \u062f\u0627\u0626\u0645<\/option><option value=\"\u0627\u0634\u062e\u0627\u0635 \u062d\u0642\u0648\u0642\u06cc \/ \u0628\u0627\u0632\u0631\u06af\u0627\u0646\u06cc\">\u0627\u0634\u062e\u0627\u0635 \u062d\u0642\u0648\u0642\u06cc \/ \u0628\u0627\u0632\u0631\u06af\u0627\u0646\u06cc<\/option><option value=\"\u0645\u0627\u0644\u06a9\u06cc\u062a \u0645\u0639\u0646\u0648\u06cc\">\u0645\u0627\u0644\u06a9\u06cc\u062a \u0645\u0639\u0646\u0648\u06cc<\/option><\/select><\/span>\n\t\t<\/p>\n\t<\/div>\n\t<div class=\"grid-1-1\">\n\t\t<p><span class=\"wpcf7-form-control-wrap Message\"><textarea name=\"Message\" cols=\"40\" rows=\"6\" class=\"wpcf7-form-control wpcf7-textarea wpcf7-validates-as-required\" aria-required=\"true\" aria-invalid=\"false\" placeholder=\"\u067e\u06cc\u0627\u0645 \u0634\u0645\u0627 (\u062d\u062f\u0627\u06a9\u062b\u0631 3000 \u06a9\u0627\u0631\u0627\u06a9\u062a\u0631)\" maxlength=\"3000\"><\/textarea><\/span>\n\t\t<\/p>\n\t<\/div>\n\t<div style= \"text-align: center;\">\n\t\t<p><input class=\"wpcf7-form-control wpcf7-submit has-spinner\" type=\"submit\" value=\"\u2190 \u0627\u0631\u0633\u0627\u0644 \u067e\u06cc\u0627\u0645\" \/>\n\t\t<\/p>\n\t<\/div>\n<\/div><div class=\"wpcf7-response-output\" aria-hidden=\"true\"><\/div>\n<\/form>\n<\/div>\n<\/div><\/div><\/div><\/div><\/div>\n","protected":false},"excerpt":{"rendered":"<p>Calle de Ram\u00f3n y Cajal, 5, 28100 Alcobendas, Madrid, Espa\u00f1a Madrid, Espa\u00f1a \u2192 Map\u00a0 Telephone: +34 918414204 Mobile phone: +34 682691345 \u00a0\u00a0\u00a0 \u00a0\u00a0\u00a0 \u0627\u06cc\u0631\u0627\u0646\u060c \u062a\u0647\u0631\u0627\u0646\u060c \u062e\u06cc\u0627\u0628\u0627\u0646 \u0648\u0644\u06cc\u0639\u0635\u0631\u060c \u0631\u0648\u0628\u0631\u0648\u06cc \u0636\u0644\u0639 \u0634\u0645\u0627\u0644 \u067e\u0627\u0631\u06a9 \u0633\u0627\u0639\u06cc\u060c \u067e\u0644\u0627\u06a9 237 \u0627\u06cc\u0631\u0627\u0646\u060c \u062a\u0647\u0631\u0627\u0646 \u0646\u0642\u0634\u0647\u00a0\u2190 \u062a\u0644\u0641\u0646: 00982147769 \u0648\u0627\u062a\u0633\u0627\u067e: 989121405854 \u00a0\u00a0\u00a0 \u00a0\u00a0\u00a0<\/p>\n","protected":false},"author":1,"featured_media":0,"parent":0,"menu_order":3,"comment_status":"closed","ping_status":"closed","template":"","meta":{"footnotes":""},"class_list":["post-31","page","type-page","status-publish","hentry"],"_links":{"self":[{"href":"http:\/\/rayzanlink.com\/EUIR\/wp-json\/wp\/v2\/pages\/31","targetHints":{"allow":["GET"]}}],"collection":[{"href":"http:\/\/rayzanlink.com\/EUIR\/wp-json\/wp\/v2\/pages"}],"about":[{"href":"http:\/\/rayzanlink.com\/EUIR\/wp-json\/wp\/v2\/types\/page"}],"author":[{"embeddable":true,"href":"http:\/\/rayzanlink.com\/EUIR\/wp-json\/wp\/v2\/users\/1"}],"replies":[{"embeddable":true,"href":"http:\/\/rayzanlink.com\/EUIR\/wp-json\/wp\/v2\/comments?post=31"}],"version-history":[{"count":0,"href":"http:\/\/rayzanlink.com\/EUIR\/wp-json\/wp\/v2\/pages\/31\/revisions"}],"wp:attachment":[{"href":"http:\/\/rayzanlink.com\/EUIR\/wp-json\/wp\/v2\/media?parent=31"}],"curies":[{"name":"wp","href":"https:\/\/api.w.org\/{rel}","templated":true}]}}